{"id":526,"date":"2019-01-27T23:25:31","date_gmt":"2019-01-28T01:25:31","guid":{"rendered":"https:\/\/portal.abepro.org.br\/enegep\/2022\/?page_id=526"},"modified":"2022-02-11T09:11:12","modified_gmt":"2022-02-11T12:11:12","slug":"contato","status":"publish","type":"page","link":"https:\/\/portal.abepro.org.br\/enegep\/2022\/contato\/","title":{"rendered":"Contato"},"content":{"rendered":"\t\t<div data-elementor-type=\"post\" data-elementor-id=\"526\" class=\"elementor elementor-526\" data-elementor-settings=\"[]\">\n\t\t\t<div class=\"elementor-inner\">\n\t\t\t\t<div class=\"elementor-section-wrap\">\n\t\t\t\t\t\t\t<section data-id=\"3382756\" class=\"elementor-element elementor-element-3382756 elementor-section-height-min-height elementor-section-full_width elementor-section-content-middle elementor-section-height-default elementor-section-items-middle elementor-section elementor-top-section\" data-settings=\"{&quot;background_background&quot;:&quot;classic&quot;}\" data-element_type=\"section\">\n\t\t\t\t\t\t\t<div class=\"elementor-background-overlay\"><\/div>\n\t\t\t\t\t\t\t<div class=\"elementor-container elementor-column-gap-default\">\n\t\t\t\t<div class=\"elementor-row\">\n\t\t\t\t<div data-id=\"2f8d236\" class=\"elementor-element elementor-element-2f8d236 elementor-column elementor-col-33 elementor-top-column\" data-element_type=\"column\">\n\t\t\t<div class=\"elementor-column-wrap  elementor-element-populated\">\n\t\t\t\t\t<div class=\"elementor-widget-wrap\">\n\t\t\t\t<div data-id=\"0a113bb\" class=\"elementor-element elementor-element-0a113bb elementor-widget elementor-widget-image\" data-element_type=\"image.default\">\n\t\t\t\t<div class=\"elementor-widget-container\">\n\t\t\t\t\t<div class=\"elementor-image\">\n\t\t\t\t\t\t\t\t\t\t<img decoding=\"async\" src=\"https:\/\/portal.abepro.org.br\/enegep\/2022\/wp-content\/uploads\/elementor\/thumbs\/LOGO-ENEGEP-2022-vetor-branco-pioa15fbi3bj8yuoy7t01n48km4htpno1g8jb7r75s.png\" title=\"LOGO ENEGEP 2022 vetor branco\" alt=\"LOGO ENEGEP 2022 vetor branco\" \/>\t\t\t\t\t\t\t\t\t\t\t<\/div>\n\t\t\t\t<\/div>\n\t\t\t\t<\/div>\n\t\t\t\t\t\t<\/div>\n\t\t\t<\/div>\n\t\t<\/div>\n\t\t\t\t<div data-id=\"e56a7b5\" class=\"elementor-element elementor-element-e56a7b5 elementor-column elementor-col-33 elementor-top-column\" data-element_type=\"column\">\n\t\t\t<div class=\"elementor-column-wrap  elementor-element-populated\">\n\t\t\t\t\t<div class=\"elementor-widget-wrap\">\n\t\t\t\t<div data-id=\"09c418d\" class=\"elementor-element elementor-element-09c418d elementor-widget elementor-widget-heading\" data-element_type=\"heading.default\">\n\t\t\t\t<div class=\"elementor-widget-container\">\n\t\t\t<div class=\"elementor-heading-title elementor-size-default\">CONTATO<\/div>\t\t<\/div>\n\t\t\t\t<\/div>\n\t\t\t\t\t\t<\/div>\n\t\t\t<\/div>\n\t\t<\/div>\n\t\t\t\t<div data-id=\"d839709\" class=\"elementor-element elementor-element-d839709 elementor-column elementor-col-33 elementor-top-column\" data-element_type=\"column\">\n\t\t\t<div class=\"elementor-column-wrap  elementor-element-populated\">\n\t\t\t\t\t<div class=\"elementor-widget-wrap\">\n\t\t\t\t<div data-id=\"ebd0e7f\" class=\"elementor-element elementor-element-ebd0e7f elementor-widget elementor-widget-heading\" data-element_type=\"heading.default\">\n\t\t\t\t<div class=\"elementor-widget-container\">\n\t\t\t<div class=\"elementor-heading-title elementor-size-default\">\"Contribui\u00e7\u00e3o da Engenharia de Produ\u00e7\u00e3o para a Transforma\u00e7\u00e3o Digital da Ind\u00fastria Brasileira\"<\/div>\t\t<\/div>\n\t\t\t\t<\/div>\n\t\t\t\t\t\t<\/div>\n\t\t\t<\/div>\n\t\t<\/div>\n\t\t\t\t\t\t<\/div>\n\t\t\t<\/div>\n\t\t<\/section>\n\t\t\t\t<section data-id=\"59e2c648\" class=\"elementor-element elementor-element-59e2c648 she-header-yes elementor-section-boxed elementor-section-height-default elementor-section-height-default elementor-section elementor-top-section\" data-settings=\"{&quot;background_background&quot;:&quot;classic&quot;,&quot;transparent&quot;:&quot;yes&quot;,&quot;scroll_distance&quot;:{&quot;unit&quot;:&quot;px&quot;,&quot;size&quot;:269},&quot;transparent_on&quot;:[&quot;desktop&quot;,&quot;tablet&quot;,&quot;mobile&quot;],&quot;scroll_distance_tablet&quot;:{&quot;unit&quot;:&quot;px&quot;,&quot;size&quot;:&quot;&quot;},&quot;scroll_distance_mobile&quot;:{&quot;unit&quot;:&quot;px&quot;,&quot;size&quot;:&quot;&quot;}}\" data-element_type=\"section\">\n\t\t\t\t\t\t<div class=\"elementor-container elementor-column-gap-default\">\n\t\t\t\t<div class=\"elementor-row\">\n\t\t\t\t<div data-id=\"50854c40\" class=\"elementor-element elementor-element-50854c40 elementor-column elementor-col-100 elementor-top-column\" data-element_type=\"column\">\n\t\t\t<div class=\"elementor-column-wrap  elementor-element-populated\">\n\t\t\t\t\t<div class=\"elementor-widget-wrap\">\n\t\t\t\t<section data-id=\"48862c1c\" class=\"elementor-element elementor-element-48862c1c elementor-section-boxed elementor-section-height-default elementor-section-height-default elementor-section elementor-inner-section\" data-settings=\"{&quot;background_background&quot;:&quot;classic&quot;}\" data-element_type=\"section\">\n\t\t\t\t\t\t<div class=\"elementor-container elementor-column-gap-no\">\n\t\t\t\t<div class=\"elementor-row\">\n\t\t\t\t<div data-id=\"27b4c05\" class=\"elementor-element elementor-element-27b4c05 elementor-column elementor-col-50 elementor-inner-column\" data-element_type=\"column\">\n\t\t\t<div class=\"elementor-column-wrap  elementor-element-populated\">\n\t\t\t\t\t<div class=\"elementor-widget-wrap\">\n\t\t\t\t<div data-id=\"145e0ca\" class=\"elementor-element elementor-element-145e0ca elementor-widget elementor-widget-image\" data-element_type=\"image.default\">\n\t\t\t\t<div class=\"elementor-widget-container\">\n\t\t\t\t\t<div class=\"elementor-image\">\n\t\t\t\t\t\t\t\t\t\t<img width=\"180\" height=\"57\" src=\"https:\/\/portal.abepro.org.br\/enegep\/2022\/wp-content\/uploads\/2022\/01\/Logo-Enegep-site.png\" class=\"attachment-medium size-medium\" alt=\"\" decoding=\"async\" loading=\"lazy\" \/>\t\t\t\t\t\t\t\t\t\t\t<\/div>\n\t\t\t\t<\/div>\n\t\t\t\t<\/div>\n\t\t\t\t\t\t<\/div>\n\t\t\t<\/div>\n\t\t<\/div>\n\t\t\t\t<div data-id=\"278fcb8c\" class=\"elementor-element elementor-element-278fcb8c elementor-column elementor-col-50 elementor-inner-column\" data-element_type=\"column\">\n\t\t\t<div class=\"elementor-column-wrap  elementor-element-populated\">\n\t\t\t\t\t<div class=\"elementor-widget-wrap\">\n\t\t\t\t<div data-id=\"68ff8fc8\" class=\"elementor-element elementor-element-68ff8fc8 elementor-align-left elementor-mobile-align-center elementor-widget elementor-widget-default-navmenu\" data-element_type=\"default-navmenu.default\">\n\t\t\t\t<div class=\"elementor-widget-container\">\n\t\t\t<div id=\"elementor-header-primary\" class=\"elementor-header\">\t\t\t<button id=\"elementor-menu-toggle\" class=\"elementor-menu-toggle\"><i class=\"fa fa-navicon\"><\/i><\/button>\n\t\t\t<div id=\"elementor-menu\" class=\"elementor-menu\">\n\t\t\t\n\t\t\t\t<nav itemtype=\"http:\/\/schema.org\/SiteNavigationElement\" itemscope=\"itemscope\" id=\"elementor-navigation\" class=\"elementor-navigation\" role=\"navigation\" aria-label=\"Elementor Menu\">\t\t\t\t\n\t\t\t\t<ul id=\"elementor-navmenu\" class=\"elementor-nav-menu\"><li id=\"menu-item-1769\" class=\"menu-item menu-item-type-post_type menu-item-object-page menu-item-home menu-item-1769\"><a href=\"https:\/\/portal.abepro.org.br\/enegep\/2022\/\">Home<\/a><\/li>\n<li id=\"menu-item-1779\" class=\"menu-item menu-item-type-custom menu-item-object-custom menu-item-has-children menu-item-1779\"><a href=\"https:\/\/portal.abepro.org.br\/enegep\/2022\/sobre\/\">Evento<\/a>\n<ul class=\"sub-menu\">\n\t<li id=\"menu-item-1775\" class=\"menu-item menu-item-type-post_type menu-item-object-page menu-item-1775\"><a href=\"https:\/\/portal.abepro.org.br\/enegep\/2022\/sobre\/\">Sobre<\/a><\/li>\n\t<li id=\"menu-item-1763\" class=\"menu-item menu-item-type-post_type menu-item-object-page menu-item-1763\"><a href=\"https:\/\/portal.abepro.org.br\/enegep\/2022\/edicoes-anteriores\/\">Edi\u00e7\u00f5es Anteriores<\/a><\/li>\n\t<li id=\"menu-item-1765\" class=\"menu-item menu-item-type-post_type menu-item-object-page menu-item-1765\"><a href=\"https:\/\/portal.abepro.org.br\/enegep\/2022\/comite-organizador\/\">Comit\u00ea Organizador<\/a><\/li>\n\t<li id=\"menu-item-1770\" class=\"menu-item menu-item-type-post_type menu-item-object-page menu-item-1770\"><a href=\"https:\/\/portal.abepro.org.br\/enegep\/2022\/comite-cientifico\/\">Comite Cient\u00edfico<\/a><\/li>\n<\/ul>\n<\/li>\n<li id=\"menu-item-1771\" class=\"menu-item menu-item-type-post_type menu-item-object-page menu-item-1771\"><a href=\"https:\/\/portal.abepro.org.br\/enegep\/2022\/inscricoes\/\">Inscri\u00e7\u00f5es<\/a><\/li>\n<li id=\"menu-item-1780\" class=\"menu-item menu-item-type-custom menu-item-object-custom menu-item-has-children menu-item-1780\"><a href=\"https:\/\/portal.abepro.org.br\/enegep\/2022\/regras-para-submissao\/\">Submiss\u00f5es<\/a>\n<ul class=\"sub-menu\">\n\t<li id=\"menu-item-1965\" class=\"menu-item menu-item-type-post_type menu-item-object-page menu-item-1965\"><a href=\"https:\/\/portal.abepro.org.br\/enegep\/2022\/chamada-especial-sesu-setec\/\">Chamada especial SESU\/SETEC<\/a><\/li>\n\t<li id=\"menu-item-1892\" class=\"menu-item menu-item-type-post_type menu-item-object-page menu-item-1892\"><a href=\"https:\/\/portal.abepro.org.br\/enegep\/2022\/orientacao-para-apresentacao\/\">Orienta\u00e7\u00e3o para Apresenta\u00e7\u00e3o<\/a><\/li>\n\t<li id=\"menu-item-1774\" class=\"menu-item menu-item-type-post_type menu-item-object-page menu-item-1774\"><a href=\"https:\/\/portal.abepro.org.br\/enegep\/2022\/regras-para-submissao\/\">Regras para Submiss\u00e3o<\/a><\/li>\n\t<li id=\"menu-item-1762\" class=\"menu-item menu-item-type-post_type menu-item-object-page menu-item-1762\"><a href=\"https:\/\/portal.abepro.org.br\/enegep\/2022\/prime-thematic-session\/\">Prime Thematic Session<\/a><\/li>\n<\/ul>\n<\/li>\n<li id=\"menu-item-1776\" class=\"menu-item menu-item-type-post_type menu-item-object-page menu-item-1776\"><a href=\"https:\/\/portal.abepro.org.br\/enegep\/2022\/premiacao\/\">Premia\u00e7\u00e3o<\/a><\/li>\n<li id=\"menu-item-1883\" class=\"menu-item menu-item-type-custom menu-item-object-custom menu-item-has-children menu-item-1883\"><a href=\"https:\/\/portal.abepro.org.br\/enegep\/2022\/grade-de-programacao\/\">Programa\u00e7\u00e3o<\/a>\n<ul class=\"sub-menu\">\n\t<li id=\"menu-item-1773\" class=\"menu-item menu-item-type-post_type menu-item-object-page menu-item-1773\"><a href=\"https:\/\/portal.abepro.org.br\/enegep\/2022\/grade-de-programacao\/\">Programa\u00e7\u00e3o<\/a><\/li>\n\t<li id=\"menu-item-1772\" class=\"menu-item menu-item-type-post_type menu-item-object-page menu-item-1772\"><a href=\"https:\/\/portal.abepro.org.br\/enegep\/2022\/minicursos\/\">Minicursos<\/a><\/li>\n\t<li id=\"menu-item-1987\" class=\"menu-item menu-item-type-post_type menu-item-object-page menu-item-1987\"><a href=\"https:\/\/portal.abepro.org.br\/enegep\/2022\/visitas-tecnicas\/\">Visitas T\u00e9cnicas<\/a><\/li>\n\t<li id=\"menu-item-2054\" class=\"menu-item menu-item-type-post_type menu-item-object-page menu-item-2054\"><a href=\"https:\/\/portal.abepro.org.br\/enegep\/2022\/enegep-social\/\">ENEGEP Social<\/a><\/li>\n<\/ul>\n<\/li>\n<li id=\"menu-item-1768\" class=\"menu-item menu-item-type-post_type menu-item-object-page menu-item-has-children menu-item-1768\"><a href=\"https:\/\/portal.abepro.org.br\/enegep\/2022\/local\/\">Local<\/a>\n<ul class=\"sub-menu\">\n\t<li id=\"menu-item-1761\" class=\"menu-item menu-item-type-post_type menu-item-object-page menu-item-1761\"><a href=\"https:\/\/portal.abepro.org.br\/enegep\/2022\/passagens-e-hospedagem\/\">Passagens e hospedagem<\/a><\/li>\n<\/ul>\n<\/li>\n<li id=\"menu-item-1767\" class=\"menu-item menu-item-type-post_type menu-item-object-page menu-item-1767\"><a href=\"https:\/\/portal.abepro.org.br\/enegep\/2022\/faq\/\">FAQ<\/a><\/li>\n<li id=\"menu-item-1766\" class=\"menu-item menu-item-type-post_type menu-item-object-page menu-item-1766\"><a href=\"https:\/\/portal.abepro.org.br\/enegep\/2022\/contato\/\">Contato<\/a><\/li>\n<\/ul>\t\t\n\t\t\t\t\t\t\t\t<\/nav>\n\t\t\t<\/div>\n\t\t<\/div>\n\t\t\t\t<\/div>\n\t\t\t\t<\/div>\n\t\t\t\t\t\t<\/div>\n\t\t\t<\/div>\n\t\t<\/div>\n\t\t\t\t\t\t<\/div>\n\t\t\t<\/div>\n\t\t<\/section>\n\t\t\t\t\t\t<\/div>\n\t\t\t<\/div>\n\t\t<\/div>\n\t\t\t\t\t\t<\/div>\n\t\t\t<\/div>\n\t\t<\/section>\n\t\t\t\t<section data-id=\"78def517\" class=\"elementor-element elementor-element-78def517 elementor-section-boxed elementor-section-height-default elementor-section-height-default elementor-section elementor-top-section\" data-element_type=\"section\">\n\t\t\t\t\t\t<div class=\"elementor-container elementor-column-gap-default\">\n\t\t\t\t<div class=\"elementor-row\">\n\t\t\t\t<div data-id=\"e497691\" class=\"elementor-element elementor-element-e497691 elementor-column elementor-col-100 elementor-top-column\" data-element_type=\"column\">\n\t\t\t<div class=\"elementor-column-wrap  elementor-element-populated\">\n\t\t\t\t\t<div class=\"elementor-widget-wrap\">\n\t\t\t\t<div data-id=\"76988a3\" class=\"elementor-element elementor-element-76988a3 elementor-widget elementor-widget-heading\" data-element_type=\"heading.default\">\n\t\t\t\t<div class=\"elementor-widget-container\">\n\t\t\t<h1 class=\"elementor-heading-title elementor-size-default\">ABEPRO - Associa\u00e7\u00e3o Brasileira de Engenharia de Produ\u00e7\u00e3o<\/h1>\t\t<\/div>\n\t\t\t\t<\/div>\n\t\t\t\t<div data-id=\"2c4ad5c\" class=\"elementor-element elementor-element-2c4ad5c elementor-widget elementor-widget-divider\" data-element_type=\"divider.default\">\n\t\t\t\t<div class=\"elementor-widget-container\">\n\t\t\t\t\t<div class=\"elementor-divider\">\n\t\t\t<span class=\"elementor-divider-separator\"><\/span>\n\t\t<\/div>\n\t\t\t\t<\/div>\n\t\t\t\t<\/div>\n\t\t\t\t<div data-id=\"5187937\" class=\"elementor-element elementor-element-5187937 elementor-widget elementor-widget-text-editor\" data-element_type=\"text-editor.default\">\n\t\t\t\t<div class=\"elementor-widget-container\">\n\t\t\t\t\t<div class=\"elementor-text-editor elementor-clearfix\"><p>Avenida Cassiano Ricardo, N\u00ba 601 \u2013 Residencial Aquarius<\/p><p>S\u00e3o Jos\u00e9 dos Campos \u2013 SP &#8211; CEP: 12.246-870<\/p><p>Email: <a href=\"mailto:secretaria@abepro.org.br\">secretaria@abepro.org.br<\/a><\/p><\/div>\n\t\t\t\t<\/div>\n\t\t\t\t<\/div>\n\t\t\t\t\t\t<\/div>\n\t\t\t<\/div>\n\t\t<\/div>\n\t\t\t\t\t\t<\/div>\n\t\t\t<\/div>\n\t\t<\/section>\n\t\t\t\t<section data-id=\"4999569\" class=\"elementor-element elementor-element-4999569 elementor-section-full_width elementor-section-height-default elementor-section-height-default elementor-section elementor-top-section\" data-settings=\"{&quot;background_background&quot;:&quot;classic&quot;}\" data-element_type=\"section\">\n\t\t\t\t\t\t\t<div class=\"elementor-background-overlay\"><\/div>\n\t\t\t\t\t\t\t<div class=\"elementor-container elementor-column-gap-no\">\n\t\t\t\t<div class=\"elementor-row\">\n\t\t\t\t<div data-id=\"92a820b\" class=\"elementor-element elementor-element-92a820b elementor-column elementor-col-100 elementor-top-column\" data-element_type=\"column\">\n\t\t\t<div class=\"elementor-column-wrap  elementor-element-populated\">\n\t\t\t\t\t<div class=\"elementor-widget-wrap\">\n\t\t\t\t<section data-id=\"e0a4a0e\" class=\"elementor-element elementor-element-e0a4a0e elementor-section-content-middle elementor-section-boxed elementor-section-height-default elementor-section-height-default elementor-section elementor-inner-section\" data-element_type=\"section\">\n\t\t\t\t\t\t<div class=\"elementor-container elementor-column-gap-no\">\n\t\t\t\t<div class=\"elementor-row\">\n\t\t\t\t<div data-id=\"35fe15e\" class=\"elementor-element elementor-element-35fe15e elementor-column elementor-col-33 elementor-inner-column\" data-element_type=\"column\">\n\t\t\t<div class=\"elementor-column-wrap  elementor-element-populated\">\n\t\t\t\t\t<div class=\"elementor-widget-wrap\">\n\t\t\t\t<div data-id=\"886a7b3\" class=\"elementor-element elementor-element-886a7b3 elementor-widget elementor-widget-heading\" data-element_type=\"heading.default\">\n\t\t\t\t<div class=\"elementor-widget-container\">\n\t\t\t<h6 class=\"elementor-heading-title elementor-size-default\">Associe-se a ABEPRO<\/h6>\t\t<\/div>\n\t\t\t\t<\/div>\n\t\t\t\t<div data-id=\"da42678\" class=\"elementor-element elementor-element-da42678 elementor-widget elementor-widget-text-editor\" data-element_type=\"text-editor.default\">\n\t\t\t\t<div class=\"elementor-widget-container\">\n\t\t\t\t\t<div class=\"elementor-text-editor elementor-clearfix\"><p>A ABEPRO \u00e9 a institui\u00e7\u00e3o representativa de docentes, discentes e profissionais de Engenharia de Produ\u00e7\u00e3o.\u00a0<\/p><\/div>\n\t\t\t\t<\/div>\n\t\t\t\t<\/div>\n\t\t\t\t\t\t<\/div>\n\t\t\t<\/div>\n\t\t<\/div>\n\t\t\t\t<div data-id=\"f63415f\" class=\"elementor-element elementor-element-f63415f elementor-column elementor-col-33 elementor-inner-column\" data-element_type=\"column\">\n\t\t\t<div class=\"elementor-column-wrap  elementor-element-populated\">\n\t\t\t\t\t<div class=\"elementor-widget-wrap\">\n\t\t\t\t<div data-id=\"126e39b\" class=\"elementor-element elementor-element-126e39b elementor-widget elementor-widget-heading\" data-element_type=\"heading.default\">\n\t\t\t\t<div class=\"elementor-widget-container\">\n\t\t\t<h6 class=\"elementor-heading-title elementor-size-default\">Links<\/h6>\t\t<\/div>\n\t\t\t\t<\/div>\n\t\t\t\t<div data-id=\"18f8e92\" class=\"elementor-element elementor-element-18f8e92 elementor-position-left elementor-view-default elementor-vertical-align-top elementor-widget elementor-widget-icon-box\" data-element_type=\"icon-box.default\">\n\t\t\t\t<div class=\"elementor-widget-container\">\n\t\t\t\t\t<div class=\"elementor-icon-box-wrapper\">\n\t\t\t\t\t<div class=\"elementor-icon-box-icon\">\n\t\t\t\t<a class=\"elementor-icon elementor-animation-\" href=\"http:\/\/www.abepro.org.br\/novo_sgai\/index.php\" target=\"_blank\">\n\t\t\t\t<i class=\"fa fa-sign-in\" aria-hidden=\"true\"><\/i>\n\t\t\t\t<\/a>\n\t\t\t<\/div>\n\t\t\t\t\t\t<div class=\"elementor-icon-box-content\">\n\t\t\t\t<h6 class=\"elementor-icon-box-title\">\n\t\t\t\t\t<a href=\"http:\/\/www.abepro.org.br\/novo_sgai\/index.php\" target=\"_blank\">Inscreva-se<\/a>\n\t\t\t\t<\/h6>\n\t\t\t\t<p class=\"elementor-icon-box-description\"><\/p>\n\t\t\t<\/div>\n\t\t<\/div>\n\t\t\t\t<\/div>\n\t\t\t\t<\/div>\n\t\t\t\t<div data-id=\"9ff1418\" class=\"elementor-element elementor-element-9ff1418 elementor-position-left elementor-view-default elementor-vertical-align-top elementor-widget elementor-widget-icon-box\" data-element_type=\"icon-box.default\">\n\t\t\t\t<div class=\"elementor-widget-container\">\n\t\t\t\t\t<div class=\"elementor-icon-box-wrapper\">\n\t\t\t\t\t<div class=\"elementor-icon-box-icon\">\n\t\t\t\t<a class=\"elementor-icon elementor-animation-\" href=\"http:\/\/www.abepro.org.br\/novo_sgai\/sis\/artigos_enviar.php\" target=\"_blank\">\n\t\t\t\t<i class=\"fa fa-cloud-upload\" aria-hidden=\"true\"><\/i>\n\t\t\t\t<\/a>\n\t\t\t<\/div>\n\t\t\t\t\t\t<div class=\"elementor-icon-box-content\">\n\t\t\t\t<h6 class=\"elementor-icon-box-title\">\n\t\t\t\t\t<a href=\"http:\/\/www.abepro.org.br\/novo_sgai\/sis\/artigos_enviar.php\" target=\"_blank\">Envie seu Artigo<\/a>\n\t\t\t\t<\/h6>\n\t\t\t\t<p class=\"elementor-icon-box-description\"><\/p>\n\t\t\t<\/div>\n\t\t<\/div>\n\t\t\t\t<\/div>\n\t\t\t\t<\/div>\n\t\t\t\t<div data-id=\"1af1687\" class=\"elementor-element elementor-element-1af1687 elementor-position-left elementor-view-default elementor-vertical-align-top elementor-widget elementor-widget-icon-box\" data-element_type=\"icon-box.default\">\n\t\t\t\t<div class=\"elementor-widget-container\">\n\t\t\t\t\t<div class=\"elementor-icon-box-wrapper\">\n\t\t\t\t\t<div class=\"elementor-icon-box-icon\">\n\t\t\t\t<a class=\"elementor-icon elementor-animation-\" href=\"http:\/\/portalabepro.educacao.ws\/enegep\/faq\/\">\n\t\t\t\t<i class=\"fa fa-gears\" aria-hidden=\"true\"><\/i>\n\t\t\t\t<\/a>\n\t\t\t<\/div>\n\t\t\t\t\t\t<div class=\"elementor-icon-box-content\">\n\t\t\t\t<h6 class=\"elementor-icon-box-title\">\n\t\t\t\t\t<a href=\"http:\/\/portalabepro.educacao.ws\/enegep\/faq\/\">Tire suas D\u00favidas<\/a>\n\t\t\t\t<\/h6>\n\t\t\t\t<p class=\"elementor-icon-box-description\"><\/p>\n\t\t\t<\/div>\n\t\t<\/div>\n\t\t\t\t<\/div>\n\t\t\t\t<\/div>\n\t\t\t\t\t\t<\/div>\n\t\t\t<\/div>\n\t\t<\/div>\n\t\t\t\t<div data-id=\"44e3d67\" class=\"elementor-element elementor-element-44e3d67 elementor-column elementor-col-33 elementor-inner-column\" data-element_type=\"column\">\n\t\t\t<div class=\"elementor-column-wrap  elementor-element-populated\">\n\t\t\t\t\t<div class=\"elementor-widget-wrap\">\n\t\t\t\t<div data-id=\"89f786a\" class=\"elementor-element elementor-element-89f786a elementor-widget elementor-widget-heading\" data-element_type=\"heading.default\">\n\t\t\t\t<div class=\"elementor-widget-container\">\n\t\t\t<h6 class=\"elementor-heading-title elementor-size-default\">Contato<\/h6>\t\t<\/div>\n\t\t\t\t<\/div>\n\t\t\t\t<div data-id=\"1bb25a9\" class=\"elementor-element elementor-element-1bb25a9 elementor-widget elementor-widget-text-editor\" data-element_type=\"text-editor.default\">\n\t\t\t\t<div class=\"elementor-widget-container\">\n\t\t\t\t\t<div class=\"elementor-text-editor elementor-clearfix\"><p><strong>ABEPRO<\/strong><\/p><p>Email: <a href=\"mailto:secretaria@abepro.org.br\">secretaria@abepro.org.br<\/a><\/p><\/div>\n\t\t\t\t<\/div>\n\t\t\t\t<\/div>\n\t\t\t\t\t\t<\/div>\n\t\t\t<\/div>\n\t\t<\/div>\n\t\t\t\t\t\t<\/div>\n\t\t\t<\/div>\n\t\t<\/section>\n\t\t\t\t<div data-id=\"1ede8fc\" class=\"elementor-element elementor-element-1ede8fc elementor-widget elementor-widget-divider\" data-element_type=\"divider.default\">\n\t\t\t\t<div class=\"elementor-widget-container\">\n\t\t\t\t\t<div class=\"elementor-divider\">\n\t\t\t<span class=\"elementor-divider-separator\"><\/span>\n\t\t<\/div>\n\t\t\t\t<\/div>\n\t\t\t\t<\/div>\n\t\t\t\t<div data-id=\"7bf403b\" class=\"elementor-element elementor-element-7bf403b elementor-shape-rounded elementor-widget elementor-widget-social-icons\" data-element_type=\"social-icons.default\">\n\t\t\t\t<div class=\"elementor-widget-container\">\n\t\t\t\t\t<div class=\"elementor-social-icons-wrapper\">\n\t\t\t\t\t\t\t<a class=\"elementor-icon elementor-social-icon elementor-social-icon-facebook elementor-animation-grow\" href=\"https:\/\/www.facebook.com\/abeprooficial\/\" target=\"_blank\">\n\t\t\t\t\t<span class=\"elementor-screen-only\">Facebook<\/span>\n\t\t\t\t\t<i class=\"fa fa-facebook\"><\/i>\n\t\t\t\t<\/a>\n\t\t\t\t\t\t\t<a class=\"elementor-icon elementor-social-icon elementor-social-icon-instagram elementor-animation-grow\" href=\"https:\/\/www.instagram.com\/abeprooficial\/\" target=\"_blank\">\n\t\t\t\t\t<span class=\"elementor-screen-only\">Instagram<\/span>\n\t\t\t\t\t<i class=\"fa fa-instagram\"><\/i>\n\t\t\t\t<\/a>\n\t\t\t\t\t\t\t<a class=\"elementor-icon elementor-social-icon elementor-social-icon-youtube elementor-animation-grow\" href=\"https:\/\/www.youtube.com\/user\/ABEPROJovem1\" target=\"_blank\">\n\t\t\t\t\t<span class=\"elementor-screen-only\">Youtube<\/span>\n\t\t\t\t\t<i class=\"fa fa-youtube\"><\/i>\n\t\t\t\t<\/a>\n\t\t\t\t\t<\/div>\n\t\t\t\t<\/div>\n\t\t\t\t<\/div>\n\t\t\t\t\t\t<\/div>\n\t\t\t<\/div>\n\t\t<\/div>\n\t\t\t\t\t\t<\/div>\n\t\t\t<\/div>\n\t\t<\/section>\n\t\t\t\t\t\t<\/div>\n\t\t\t<\/div>\n\t\t<\/div>\n\t\t","protected":false},"excerpt":{"rendered":"<p>CONTATO &#8220;Contribui\u00e7\u00e3o da Engenharia de Produ\u00e7\u00e3o para a Transforma\u00e7\u00e3o Digital da Ind\u00fastria Brasileira&#8221; Home Evento Sobre Comit\u00ea Organizador Comit\u00ea Cient\u00edfico Edi\u00e7\u00f5es Anteriores Inscri\u00e7\u00f5es Submiss\u00f5es Submiss\u00e3o de artigos Prime Thematic Session Sess\u00f5es Dirigidas Orienta\u00e7\u00e3o para Apresenta\u00e7\u00e3o Pr\u00eamio ABEPRO Programa\u00e7\u00e3o Programa\u00e7\u00e3o Minicursos Local FAQ Contato ABEPRO &#8211; Associa\u00e7\u00e3o Brasileira de Engenharia de Produ\u00e7\u00e3o Avenida Cassiano Ricardo, N\u00ba&hellip;&nbsp;<a href=\"https:\/\/portal.abepro.org.br\/enegep\/2022\/contato\/\" rel=\"bookmark\">Continue a ler<span class=\"screen-reader-text\">Contato<\/span> &raquo;<\/a><\/p>\n","protected":false},"author":1,"featured_media":0,"parent":0,"menu_order":0,"comment_status":"closed","ping_status":"closed","template":"elementor_canvas","meta":[],"_links":{"self":[{"href":"https:\/\/portal.abepro.org.br\/enegep\/2022\/wp-json\/wp\/v2\/pages\/526"}],"collection":[{"href":"https:\/\/portal.abepro.org.br\/enegep\/2022\/wp-json\/wp\/v2\/pages"}],"about":[{"href":"https:\/\/portal.abepro.org.br\/enegep\/2022\/wp-json\/wp\/v2\/types\/page"}],"author":[{"embeddable":true,"href":"https:\/\/portal.abepro.org.br\/enegep\/2022\/wp-json\/wp\/v2\/users\/1"}],"replies":[{"embeddable":true,"href":"https:\/\/portal.abepro.org.br\/enegep\/2022\/wp-json\/wp\/v2\/comments?post=526"}],"version-history":[{"count":21,"href":"https:\/\/portal.abepro.org.br\/enegep\/2022\/wp-json\/wp\/v2\/pages\/526\/revisions"}],"predecessor-version":[{"id":1616,"href":"https:\/\/portal.abepro.org.br\/enegep\/2022\/wp-json\/wp\/v2\/pages\/526\/revisions\/1616"}],"wp:attachment":[{"href":"https:\/\/portal.abepro.org.br\/enegep\/2022\/wp-json\/wp\/v2\/media?parent=526"}],"curies":[{"name":"wp","href":"https:\/\/api.w.org\/{rel}","templated":true}]}}