{"id":493,"date":"2019-01-27T22:42:56","date_gmt":"2019-01-28T00:42:56","guid":{"rendered":"https:\/\/portal.abepro.org.br\/enegep\/2025\/?page_id=493"},"modified":"2025-10-08T22:13:40","modified_gmt":"2025-10-09T01:13:40","slug":"local","status":"publish","type":"page","link":"https:\/\/portal.abepro.org.br\/enegep\/2025\/local\/","title":{"rendered":"Local"},"content":{"rendered":"\t\t<div data-elementor-type=\"wp-post\" data-elementor-id=\"493\" class=\"elementor elementor-493\" data-elementor-post-type=\"page\">\n\t\t\t\t\t\t<section class=\"elementor-section elementor-top-section elementor-element elementor-element-7f33dad3 elementor-section-boxed elementor-section-height-default elementor-section-height-default\" data-id=\"7f33dad3\" data-element_type=\"section\">\n\t\t\t\t\t\t<div class=\"elementor-container elementor-column-gap-default\">\n\t\t\t\t\t<div class=\"elementor-column elementor-col-100 elementor-top-column elementor-element elementor-element-3273f2c4\" data-id=\"3273f2c4\" data-element_type=\"column\">\n\t\t\t<div class=\"elementor-widget-wrap elementor-element-populated\">\n\t\t\t\t\t\t<div class=\"elementor-element elementor-element-44a03bd elementor-widget elementor-widget-heading\" data-id=\"44a03bd\" data-element_type=\"widget\" data-widget_type=\"heading.default\">\n\t\t\t\t<div class=\"elementor-widget-container\">\n\t\t\t\t\t<h2 class=\"elementor-heading-title elementor-size-default\">Local de Realiza\u00e7\u00e3o<\/h2>\t\t\t\t<\/div>\n\t\t\t\t<\/div>\n\t\t\t\t<div class=\"elementor-element elementor-element-1663a59a elementor-widget-divider--view-line elementor-widget elementor-widget-divider\" data-id=\"1663a59a\" data-element_type=\"widget\" data-widget_type=\"divider.default\">\n\t\t\t\t<div class=\"elementor-widget-container\">\n\t\t\t\t\t\t\t<div class=\"elementor-divider\">\n\t\t\t<span class=\"elementor-divider-separator\">\n\t\t\t\t\t\t<\/span>\n\t\t<\/div>\n\t\t\t\t\t\t<\/div>\n\t\t\t\t<\/div>\n\t\t\t\t<div class=\"elementor-element elementor-element-31b54e1e elementor-widget elementor-widget-text-editor\" data-id=\"31b54e1e\" data-element_type=\"widget\" data-widget_type=\"text-editor.default\">\n\t\t\t\t<div class=\"elementor-widget-container\">\n\t\t\t\t\t\t\t\t\t<p><b data-stringify-type=\"bold\">O evento ser\u00e1 realizado na <a href=\"https:\/\/www.ufrn.br\/\" target=\"_blank\" rel=\"noopener\">Universidade Federal do Rio Grande do Norte (UFRN)<\/a>, em Natal \u2013 RN.<\/b><br \/><b data-stringify-type=\"bold\"><span data-qa=\"emoji\" data-sk=\"tooltip_parent\"><img decoding=\"async\" src=\"https:\/\/a.slack-edge.com\/production-standard-emoji-assets\/14.0\/google-medium\/1f4cd@2x.png\" alt=\":pino_redondo:\" width=\"23\" height=\"23\" aria-label=\"Emoji pino redondo\" data-stringify-type=\"emoji\" data-stringify-emoji=\":round_pushpin:\" \/><\/span><\/b><b data-stringify-type=\"bold\">\u00a0Local do evento:<\/b><br \/>Complexo Tecnol\u00f3gico de Engenharia (CTEC) &#8211; UFRN.\u00a0 (Lagoa Nova, Natal &#8211; RN, 59066-800)<\/p><p>A\u00a0<b data-stringify-type=\"bold\">abertura oficial<\/b>\u00a0acontecer\u00e1 no dia\u00a0<b data-stringify-type=\"bold\">14 de outubro<\/b>, no\u00a0<a href=\"https:\/\/www.ihg.com\/holidayinn\/hotels\/br\/pt\/natal\/natar\/hoteldetail\/amenities\" target=\"_blank\" rel=\"noopener\"><b data-stringify-type=\"bold\">Hotel Holiday Inn<\/b><\/a>, tamb\u00e9m em Natal.<br \/><b data-stringify-type=\"bold\"><span data-qa=\"emoji\" data-sk=\"tooltip_parent\"><img decoding=\"async\" src=\"https:\/\/a.slack-edge.com\/production-standard-emoji-assets\/14.0\/google-medium\/1f4cd@2x.png\" alt=\":pino_redondo:\" width=\"23\" height=\"23\" aria-label=\"Emoji pino redondo\" data-stringify-type=\"emoji\" data-stringify-emoji=\":round_pushpin:\" \/><\/span><\/b>\u00a0<b data-stringify-type=\"bold\">Local da abertura:<\/b><br \/>\u00a0Hotel Holiday Inn Natal<br \/>\u00a0Av. Senador Salgado Filho, 1906 \u2013 Lagoa Nova, Natal \u2013 RN, CEP 59075-000<\/p>\t\t\t\t\t\t\t\t<\/div>\n\t\t\t\t<\/div>\n\t\t\t\t<div class=\"elementor-element elementor-element-ff0ed22 elementor-widget elementor-widget-text-editor\" data-id=\"ff0ed22\" data-element_type=\"widget\" data-widget_type=\"text-editor.default\">\n\t\t\t\t<div class=\"elementor-widget-container\">\n\t\t\t\t\t\t\t\t\t<p><b data-stringify-type=\"bold\">Hospedagem: <\/b>Para facilitar sua escolha de hospedagem para o evento, listamos abaixo os bairros pr\u00f3ximos da UFRN s\u00e3o:<br \/>&#8211; Capim Macio<br \/>&#8211; Lagoa Nova<br \/>&#8211; Nova Descoberta<br \/>&#8211; Tirol<\/p><p>Existem ainda diversas op\u00e7\u00f5es de hot\u00e9is, pousadas e outros em Ponta Negra.<\/p><p>Sugerimos os seguinte sites para buscas:<br \/><a class=\"c-link\" href=\"https:\/\/www.booking.com\/\" target=\"_blank\" rel=\"noopener noreferrer\" data-stringify-link=\"https:\/\/www.booking.com\/\" data-sk=\"tooltip_parent\">https:\/\/www.booking.com\/<\/a><br \/><a class=\"c-link\" href=\"https:\/\/www.airbnb.com.br\/\" target=\"_blank\" rel=\"noopener noreferrer\" data-stringify-link=\"https:\/\/www.airbnb.com.br\/\" data-sk=\"tooltip_parent\">https:\/\/www.airbnb.com.br\/<\/a><br \/><a class=\"c-link\" href=\"https:\/\/www.trivago.com.br\/\" target=\"_blank\" rel=\"noopener noreferrer\" data-stringify-link=\"https:\/\/www.trivago.com.br\/\" data-sk=\"tooltip_parent\">https:\/\/www.trivago.com.br\/<\/a><\/p>\t\t\t\t\t\t\t\t<\/div>\n\t\t\t\t<\/div>\n\t\t\t\t<div class=\"elementor-element elementor-element-b9aea60 elementor-widget elementor-widget-google_maps\" data-id=\"b9aea60\" data-element_type=\"widget\" data-widget_type=\"google_maps.default\">\n\t\t\t\t<div class=\"elementor-widget-container\">\n\t\t\t\t\t\t\t<div class=\"elementor-custom-embed\">\n\t\t\t<iframe loading=\"lazy\"\n\t\t\t\t\tsrc=\"https:\/\/maps.google.com\/maps?q=Complexo%20Tecnol%C3%B3gico%20de%20Engenharia%20%28CTEC%29%20-%20UFRN%20%20%28Lagoa%20Nova%2C%20Natal%20-%20RN%2C%2059066-800%29&#038;t=m&#038;z=11&#038;output=embed&#038;iwloc=near\"\n\t\t\t\t\ttitle=\"Complexo Tecnol\u00f3gico de Engenharia (CTEC) - UFRN  (Lagoa Nova, Natal - RN, 59066-800)\"\n\t\t\t\t\taria-label=\"Complexo Tecnol\u00f3gico de Engenharia (CTEC) - UFRN  (Lagoa Nova, Natal - RN, 59066-800)\"\n\t\t\t><\/iframe>\n\t\t<\/div>\n\t\t\t\t\t\t<\/div>\n\t\t\t\t<\/div>\n\t\t\t\t\t<\/div>\n\t\t<\/div>\n\t\t\t\t\t<\/div>\n\t\t<\/section>\n\t\t\t\t<\/div>\n\t\t","protected":false},"excerpt":{"rendered":"<p>Local de Realiza\u00e7\u00e3o O evento ser\u00e1 realizado na Universidade Federal do Rio Grande do Norte (UFRN), em Natal \u2013 RN.\u00a0Local do evento:Complexo Tecnol\u00f3gico de Engenharia (CTEC) &#8211; UFRN.\u00a0 (Lagoa Nova, Natal &#8211; RN, 59066-800) A\u00a0abertura oficial\u00a0acontecer\u00e1 no dia\u00a014 de outubro, no\u00a0Hotel Holiday Inn, tamb\u00e9m em Natal.\u00a0Local da abertura:\u00a0Hotel Holiday Inn Natal\u00a0Av. Senador Salgado Filho, 1906 [&hellip;]<\/p>\n","protected":false},"author":1,"featured_media":0,"parent":0,"menu_order":0,"comment_status":"closed","ping_status":"closed","template":"","meta":{"footnotes":""},"class_list":["post-493","page","type-page","status-publish","hentry"],"_links":{"self":[{"href":"https:\/\/portal.abepro.org.br\/enegep\/2025\/wp-json\/wp\/v2\/pages\/493","targetHints":{"allow":["GET"]}}],"collection":[{"href":"https:\/\/portal.abepro.org.br\/enegep\/2025\/wp-json\/wp\/v2\/pages"}],"about":[{"href":"https:\/\/portal.abepro.org.br\/enegep\/2025\/wp-json\/wp\/v2\/types\/page"}],"author":[{"embeddable":true,"href":"https:\/\/portal.abepro.org.br\/enegep\/2025\/wp-json\/wp\/v2\/users\/1"}],"replies":[{"embeddable":true,"href":"https:\/\/portal.abepro.org.br\/enegep\/2025\/wp-json\/wp\/v2\/comments?post=493"}],"version-history":[{"count":106,"href":"https:\/\/portal.abepro.org.br\/enegep\/2025\/wp-json\/wp\/v2\/pages\/493\/revisions"}],"predecessor-version":[{"id":6151,"href":"https:\/\/portal.abepro.org.br\/enegep\/2025\/wp-json\/wp\/v2\/pages\/493\/revisions\/6151"}],"wp:attachment":[{"href":"https:\/\/portal.abepro.org.br\/enegep\/2025\/wp-json\/wp\/v2\/media?parent=493"}],"curies":[{"name":"wp","href":"https:\/\/api.w.org\/{rel}","templated":true}]}}