{"id":526,"date":"2019-01-27T23:25:31","date_gmt":"2019-01-28T01:25:31","guid":{"rendered":"https:\/\/portal.abepro.org.br\/enegep\/2025\/?page_id=526"},"modified":"2025-05-20T10:59:45","modified_gmt":"2025-05-20T13:59:45","slug":"contato","status":"publish","type":"page","link":"https:\/\/portal.abepro.org.br\/enegep\/2025\/contato\/","title":{"rendered":"Contato"},"content":{"rendered":"\t\t<div data-elementor-type=\"wp-post\" data-elementor-id=\"526\" class=\"elementor elementor-526\" data-elementor-post-type=\"page\">\n\t\t\t\t\t\t<section class=\"elementor-section elementor-top-section elementor-element elementor-element-78def517 elementor-section-boxed elementor-section-height-default elementor-section-height-default\" data-id=\"78def517\" data-element_type=\"section\">\n\t\t\t\t\t\t<div class=\"elementor-container elementor-column-gap-default\">\n\t\t\t\t\t<div class=\"elementor-column elementor-col-100 elementor-top-column elementor-element elementor-element-e497691\" data-id=\"e497691\" data-element_type=\"column\">\n\t\t\t<div class=\"elementor-widget-wrap elementor-element-populated\">\n\t\t\t\t\t\t<div class=\"elementor-element elementor-element-76988a3 elementor-widget elementor-widget-heading\" data-id=\"76988a3\" data-element_type=\"widget\" data-widget_type=\"heading.default\">\n\t\t\t\t<div class=\"elementor-widget-container\">\n\t\t\t\t\t<h1 class=\"elementor-heading-title elementor-size-default\">ABEPRO - Associa\u00e7\u00e3o Brasileira de Engenharia de Produ\u00e7\u00e3o<\/h1>\t\t\t\t<\/div>\n\t\t\t\t<\/div>\n\t\t\t\t<div class=\"elementor-element elementor-element-2c4ad5c elementor-widget-divider--view-line elementor-widget elementor-widget-divider\" data-id=\"2c4ad5c\" data-element_type=\"widget\" data-widget_type=\"divider.default\">\n\t\t\t\t<div class=\"elementor-widget-container\">\n\t\t\t\t\t\t\t<div class=\"elementor-divider\">\n\t\t\t<span class=\"elementor-divider-separator\">\n\t\t\t\t\t\t<\/span>\n\t\t<\/div>\n\t\t\t\t\t\t<\/div>\n\t\t\t\t<\/div>\n\t\t\t\t<div class=\"elementor-element elementor-element-5187937 elementor-widget elementor-widget-text-editor\" data-id=\"5187937\" data-element_type=\"widget\" data-widget_type=\"text-editor.default\">\n\t\t\t\t<div class=\"elementor-widget-container\">\n\t\t\t\t\t\t\t\t\t<p>Email: <a href=\"mailto:secretaria@abepro.org.br\">secretaria@abepro.org.br<\/a><\/p><p>Atendimento via WhatsApp de segunda a sexta das 9h \u00e0s 17h &#8211; +55 (12) 99683-1184<\/p><p>Avenida Cassiano Ricardo, N\u00ba 601 \u2013 Residencial Aquarius<\/p><p>S\u00e3o Jos\u00e9 dos Campos \u2013 SP &#8211; CEP: 12.246-870<\/p>\t\t\t\t\t\t\t\t<\/div>\n\t\t\t\t<\/div>\n\t\t\t\t\t<\/div>\n\t\t<\/div>\n\t\t\t\t\t<\/div>\n\t\t<\/section>\n\t\t\t\t<\/div>\n\t\t","protected":false},"excerpt":{"rendered":"<p>ABEPRO &#8211; Associa\u00e7\u00e3o Brasileira de Engenharia de Produ\u00e7\u00e3o Email: secretaria@abepro.org.br Atendimento via WhatsApp de segunda a sexta das 9h \u00e0s 17h &#8211; +55 (12) 99683-1184 Avenida Cassiano Ricardo, N\u00ba 601 \u2013 Residencial Aquarius S\u00e3o Jos\u00e9 dos Campos \u2013 SP &#8211; CEP: 12.246-870<\/p>\n","protected":false},"author":1,"featured_media":0,"parent":0,"menu_order":0,"comment_status":"closed","ping_status":"closed","template":"","meta":{"footnotes":""},"class_list":["post-526","page","type-page","status-publish","hentry"],"_links":{"self":[{"href":"https:\/\/portal.abepro.org.br\/enegep\/2025\/wp-json\/wp\/v2\/pages\/526","targetHints":{"allow":["GET"]}}],"collection":[{"href":"https:\/\/portal.abepro.org.br\/enegep\/2025\/wp-json\/wp\/v2\/pages"}],"about":[{"href":"https:\/\/portal.abepro.org.br\/enegep\/2025\/wp-json\/wp\/v2\/types\/page"}],"author":[{"embeddable":true,"href":"https:\/\/portal.abepro.org.br\/enegep\/2025\/wp-json\/wp\/v2\/users\/1"}],"replies":[{"embeddable":true,"href":"https:\/\/portal.abepro.org.br\/enegep\/2025\/wp-json\/wp\/v2\/comments?post=526"}],"version-history":[{"count":48,"href":"https:\/\/portal.abepro.org.br\/enegep\/2025\/wp-json\/wp\/v2\/pages\/526\/revisions"}],"predecessor-version":[{"id":5214,"href":"https:\/\/portal.abepro.org.br\/enegep\/2025\/wp-json\/wp\/v2\/pages\/526\/revisions\/5214"}],"wp:attachment":[{"href":"https:\/\/portal.abepro.org.br\/enegep\/2025\/wp-json\/wp\/v2\/media?parent=526"}],"curies":[{"name":"wp","href":"https:\/\/api.w.org\/{rel}","templated":true}]}}