{"id":857,"date":"2020-02-03T19:50:43","date_gmt":"2020-02-03T22:50:43","guid":{"rendered":"https:\/\/portal.abepro.org.br\/enegep\/2025\/?page_id=857"},"modified":"2025-03-08T22:09:37","modified_gmt":"2025-03-09T01:09:37","slug":"voluntarios","status":"publish","type":"page","link":"https:\/\/portal.abepro.org.br\/enegep\/2025\/voluntarios\/","title":{"rendered":"Volunt\u00e1rios"},"content":{"rendered":"\t\t<div data-elementor-type=\"wp-post\" data-elementor-id=\"857\" class=\"elementor elementor-857\" data-elementor-post-type=\"page\">\n\t\t\t\t\t\t<section class=\"elementor-section elementor-top-section elementor-element elementor-element-6d248f89 elementor-section-boxed elementor-section-height-default elementor-section-height-default\" data-id=\"6d248f89\" data-element_type=\"section\">\n\t\t\t\t\t\t<div class=\"elementor-container elementor-column-gap-default\">\n\t\t\t\t\t<div class=\"elementor-column elementor-col-100 elementor-top-column elementor-element elementor-element-3b6c89d2\" data-id=\"3b6c89d2\" data-element_type=\"column\">\n\t\t\t<div class=\"elementor-widget-wrap elementor-element-populated\">\n\t\t\t\t\t\t<div class=\"elementor-element elementor-element-58049ae3 elementor-widget elementor-widget-heading\" data-id=\"58049ae3\" data-element_type=\"widget\" data-widget_type=\"heading.default\">\n\t\t\t\t<div class=\"elementor-widget-container\">\n\t\t\t\t\t<h1 class=\"elementor-heading-title elementor-size-default\">Venha fazer parte do Time ENEGEP 2024 <\/h1>\t\t\t\t<\/div>\n\t\t\t\t<\/div>\n\t\t\t\t<div class=\"elementor-element elementor-element-377cf2d4 elementor-widget-divider--view-line elementor-widget elementor-widget-divider\" data-id=\"377cf2d4\" data-element_type=\"widget\" data-widget_type=\"divider.default\">\n\t\t\t\t<div class=\"elementor-widget-container\">\n\t\t\t\t\t\t\t<div class=\"elementor-divider\">\n\t\t\t<span class=\"elementor-divider-separator\">\n\t\t\t\t\t\t<\/span>\n\t\t<\/div>\n\t\t\t\t\t\t<\/div>\n\t\t\t\t<\/div>\n\t\t\t\t<div class=\"elementor-element elementor-element-6fb4dfd5 elementor-widget elementor-widget-text-editor\" data-id=\"6fb4dfd5\" data-element_type=\"widget\" data-widget_type=\"text-editor.default\">\n\t\t\t\t<div class=\"elementor-widget-container\">\n\t\t\t\t\t\t\t\t\t<p>Est\u00e3o abertas as inscri\u00e7\u00f5es para o edital de volunt\u00e1rios(as) do XLIV Encontro Nacional de Engenharia de Produ\u00e7\u00e3o &#8211; ENEGEP 2024, voltado para estudantes de Engenharia de Produ\u00e7\u00e3o interessados em atuar como volunt\u00e1rios de 22 a 25 de outubro de 2024, na Unisinos, em Porto Alegre, RS.<\/p><p data-pm-slice=\"0 0 []\"><strong><em>Venha fazer parte do maior evento de EP! Inscreva-se e junte-se ao nosso time!<\/em><\/strong><\/p><p data-pm-slice=\"0 0 []\">Edital &#8211; <strong><a href=\"https:\/\/portal.abepro.org.br\/enegep\/2025\/wp-content\/uploads\/2024\/09\/ENEGEP-2024-Voluntarios-Edital-Processo-Seletivo-2.pdf\" target=\"_blank\" rel=\"noopener\">clique aqui\u00a0<\/a><\/strong><\/p><p data-pm-slice=\"0 0 []\">Formul\u00e1rio\u00a0 de inscri\u00e7\u00e3o &#8211; <strong><a href=\"https:\/\/forms.gle\/Y8kaRn6stLwGfZKp8\" target=\"_blank\" rel=\"noopener\">clique aqui\u00a0<\/a><br \/><br \/>Volunt\u00e1rios 2024 &#8211; <a href=\"https:\/\/portal.abepro.org.br\/enegep\/2025\/wp-content\/uploads\/2024\/09\/Voluntarios-ENEGEP-2024-.pdf\">Confira!<\/a>\u00a0<\/strong><\/p>\t\t\t\t\t\t\t\t<\/div>\n\t\t\t\t<\/div>\n\t\t\t\t\t<\/div>\n\t\t<\/div>\n\t\t\t\t\t<\/div>\n\t\t<\/section>\n\t\t\t\t<\/div>\n\t\t","protected":false},"excerpt":{"rendered":"<p>Venha fazer parte do Time ENEGEP 2024 Est\u00e3o abertas as inscri\u00e7\u00f5es para o edital de volunt\u00e1rios(as) do XLIV Encontro Nacional de Engenharia de Produ\u00e7\u00e3o &#8211; ENEGEP 2024, voltado para estudantes de Engenharia de Produ\u00e7\u00e3o interessados em atuar como volunt\u00e1rios de 22 a 25 de outubro de 2024, na Unisinos, em Porto Alegre, RS. Venha fazer [&hellip;]<\/p>\n","protected":false},"author":1,"featured_media":0,"parent":0,"menu_order":0,"comment_status":"closed","ping_status":"closed","template":"","meta":{"footnotes":""},"class_list":["post-857","page","type-page","status-publish","hentry"],"_links":{"self":[{"href":"https:\/\/portal.abepro.org.br\/enegep\/2025\/wp-json\/wp\/v2\/pages\/857","targetHints":{"allow":["GET"]}}],"collection":[{"href":"https:\/\/portal.abepro.org.br\/enegep\/2025\/wp-json\/wp\/v2\/pages"}],"about":[{"href":"https:\/\/portal.abepro.org.br\/enegep\/2025\/wp-json\/wp\/v2\/types\/page"}],"author":[{"embeddable":true,"href":"https:\/\/portal.abepro.org.br\/enegep\/2025\/wp-json\/wp\/v2\/users\/1"}],"replies":[{"embeddable":true,"href":"https:\/\/portal.abepro.org.br\/enegep\/2025\/wp-json\/wp\/v2\/comments?post=857"}],"version-history":[{"count":32,"href":"https:\/\/portal.abepro.org.br\/enegep\/2025\/wp-json\/wp\/v2\/pages\/857\/revisions"}],"predecessor-version":[{"id":4918,"href":"https:\/\/portal.abepro.org.br\/enegep\/2025\/wp-json\/wp\/v2\/pages\/857\/revisions\/4918"}],"wp:attachment":[{"href":"https:\/\/portal.abepro.org.br\/enegep\/2025\/wp-json\/wp\/v2\/media?parent=857"}],"curies":[{"name":"wp","href":"https:\/\/api.w.org\/{rel}","templated":true}]}}